{"id":400,"date":"2021-01-22T13:51:20","date_gmt":"2021-01-22T18:51:20","guid":{"rendered":"https:\/\/bluenose100.ca\/about-us\/"},"modified":"2021-02-24T10:40:21","modified_gmt":"2021-02-24T15:40:21","slug":"about-us","status":"publish","type":"page","link":"https:\/\/bluenose100.ca\/fr\/about-us\/","title":{"rendered":"\u00c0 propos de nous"},"content":{"rendered":"<p>Bluenose\u00a0100 honore la go\u00e9lette la plus inoubliable du Canada, le Bluenose, et c\u00e9l\u00e8bre le 100e\u00a0anniversaire. Organis\u00e9 par le Bluenose\u00a0100 Committee de la Lunenburg Marine Museum Society, l\u2019\u00e9v\u00e9nement promeut et diffuse l\u2019histoire du Bluenose, son importance pour les Canadiens et son lien avec la Nouvelle-\u00c9cosse.<\/p>\n","protected":false},"excerpt":{"rendered":"<p>Bluenose\u00a0100 honore la go\u00e9lette la plus inoubliable du Canada, le Bluenose, et c\u00e9l\u00e8bre le 100e\u00a0anniversaire. Organis\u00e9 par le Bluenose\u00a0100 Committee de la Lunenburg Marine Museum Society, l\u2019\u00e9v\u00e9nement promeut et diffuse l\u2019histoire du Bluenose, son importance pour les Canadiens et son lien avec la Nouvelle-\u00c9cosse.<\/p>\n<a href=\"https:\/\/bluenose100.ca\/fr\/about-us\/\" class=\"readmorelink\"><span class=\"english\">Read More<\/span><span class=\"french\">Lire la suite<\/span> >><\/a>","protected":false},"author":1,"featured_media":1022,"parent":0,"menu_order":0,"comment_status":"closed","ping_status":"closed","template":"","meta":{"_acf_changed":false,"_monsterinsights_skip_tracking":false,"_monsterinsights_sitenote_active":false,"_monsterinsights_sitenote_note":"","_monsterinsights_sitenote_category":0,"footnotes":""},"class_list":["post-400","page","type-page","status-publish","has-post-thumbnail","hentry"],"acf":[],"yoast_head":"<!-- This site is optimized with the Yoast SEO plugin v27.5 - https:\/\/yoast.com\/product\/yoast-seo-wordpress\/ -->\n<title>\u00c0 propos de nous - Bluenose 100<\/title>\n<meta name=\"robots\" content=\"index, follow, max-snippet:-1, max-image-preview:large, max-video-preview:-1\" \/>\n<link rel=\"canonical\" href=\"https:\/\/bluenose100.ca\/fr\/about-us\/\" \/>\n<meta property=\"og:locale\" content=\"fr_FR\" \/>\n<meta property=\"og:type\" content=\"article\" \/>\n<meta property=\"og:title\" content=\"\u00c0 propos de nous - Bluenose 100\" \/>\n<meta property=\"og:description\" content=\"Bluenose\u00a0100 honore la go\u00e9lette la plus inoubliable du Canada, le Bluenose, et c\u00e9l\u00e8bre le 100e\u00a0anniversaire. Organis\u00e9 par le Bluenose\u00a0100 Committee de la Lunenburg Marine Museum Society, l\u2019\u00e9v\u00e9nement promeut et diffuse l\u2019histoire du Bluenose, son importance pour les Canadiens et son lien avec la Nouvelle-\u00c9cosse.\" \/>\n<meta property=\"og:url\" content=\"https:\/\/bluenose100.ca\/fr\/about-us\/\" \/>\n<meta property=\"og:site_name\" content=\"Bluenose 100\" \/>\n<meta property=\"article:modified_time\" content=\"2021-02-24T15:40:21+00:00\" \/>\n<meta property=\"og:image\" content=\"https:\/\/bluenose100.ca\/wp-content\/uploads\/2021\/02\/flags@2x.png\" \/>\n\t<meta property=\"og:image:width\" content=\"362\" \/>\n\t<meta property=\"og:image:height\" content=\"17\" \/>\n\t<meta property=\"og:image:type\" content=\"image\/png\" \/>\n<meta name=\"twitter:card\" content=\"summary_large_image\" \/>\n<script type=\"application\/ld+json\" class=\"yoast-schema-graph\">{\"@context\":\"https:\\\/\\\/schema.org\",\"@graph\":[{\"@type\":\"WebPage\",\"@id\":\"https:\\\/\\\/bluenose100.ca\\\/fr\\\/about-us\\\/\",\"url\":\"https:\\\/\\\/bluenose100.ca\\\/fr\\\/about-us\\\/\",\"name\":\"\u00c0 propos de nous - Bluenose 100\",\"isPartOf\":{\"@id\":\"https:\\\/\\\/bluenose100.ca\\\/#website\"},\"primaryImageOfPage\":{\"@id\":\"https:\\\/\\\/bluenose100.ca\\\/fr\\\/about-us\\\/#primaryimage\"},\"image\":{\"@id\":\"https:\\\/\\\/bluenose100.ca\\\/fr\\\/about-us\\\/#primaryimage\"},\"thumbnailUrl\":\"https:\\\/\\\/bluenose100.ca\\\/wp-content\\\/uploads\\\/2021\\\/02\\\/flags@2x.png\",\"datePublished\":\"2021-01-22T18:51:20+00:00\",\"dateModified\":\"2021-02-24T15:40:21+00:00\",\"breadcrumb\":{\"@id\":\"https:\\\/\\\/bluenose100.ca\\\/fr\\\/about-us\\\/#breadcrumb\"},\"inLanguage\":\"fr-FR\",\"potentialAction\":[{\"@type\":\"ReadAction\",\"target\":[\"https:\\\/\\\/bluenose100.ca\\\/fr\\\/about-us\\\/\"]}]},{\"@type\":\"ImageObject\",\"inLanguage\":\"fr-FR\",\"@id\":\"https:\\\/\\\/bluenose100.ca\\\/fr\\\/about-us\\\/#primaryimage\",\"url\":\"https:\\\/\\\/bluenose100.ca\\\/wp-content\\\/uploads\\\/2021\\\/02\\\/flags@2x.png\",\"contentUrl\":\"https:\\\/\\\/bluenose100.ca\\\/wp-content\\\/uploads\\\/2021\\\/02\\\/flags@2x.png\",\"width\":362,\"height\":17},{\"@type\":\"BreadcrumbList\",\"@id\":\"https:\\\/\\\/bluenose100.ca\\\/fr\\\/about-us\\\/#breadcrumb\",\"itemListElement\":[{\"@type\":\"ListItem\",\"position\":1,\"name\":\"Home\",\"item\":\"https:\\\/\\\/bluenose100.ca\\\/fr\\\/\"},{\"@type\":\"ListItem\",\"position\":2,\"name\":\"\u00c0 propos de nous\"}]},{\"@type\":\"WebSite\",\"@id\":\"https:\\\/\\\/bluenose100.ca\\\/#website\",\"url\":\"https:\\\/\\\/bluenose100.ca\\\/\",\"name\":\"Bluenose 100\",\"description\":\"C\u00e9l\u00e9brons les 100\u00a0ans d\u2019une l\u00e9gende canadienne\",\"publisher\":{\"@id\":\"https:\\\/\\\/bluenose100.ca\\\/#organization\"},\"potentialAction\":[{\"@type\":\"SearchAction\",\"target\":{\"@type\":\"EntryPoint\",\"urlTemplate\":\"https:\\\/\\\/bluenose100.ca\\\/?s={search_term_string}\"},\"query-input\":{\"@type\":\"PropertyValueSpecification\",\"valueRequired\":true,\"valueName\":\"search_term_string\"}}],\"inLanguage\":\"fr-FR\"},{\"@type\":\"Organization\",\"@id\":\"https:\\\/\\\/bluenose100.ca\\\/#organization\",\"name\":\"Bluenose 100\",\"url\":\"https:\\\/\\\/bluenose100.ca\\\/\",\"logo\":{\"@type\":\"ImageObject\",\"inLanguage\":\"fr-FR\",\"@id\":\"https:\\\/\\\/bluenose100.ca\\\/#\\\/schema\\\/logo\\\/image\\\/\",\"url\":\"https:\\\/\\\/bluenose100.ca\\\/wp-content\\\/uploads\\\/2021\\\/01\\\/bluenoselogo@2x.png\",\"contentUrl\":\"https:\\\/\\\/bluenose100.ca\\\/wp-content\\\/uploads\\\/2021\\\/01\\\/bluenoselogo@2x.png\",\"width\":168,\"height\":130,\"caption\":\"Bluenose 100\"},\"image\":{\"@id\":\"https:\\\/\\\/bluenose100.ca\\\/#\\\/schema\\\/logo\\\/image\\\/\"}}]}<\/script>\n<!-- \/ Yoast SEO plugin. -->","yoast_head_json":{"title":"\u00c0 propos de nous - Bluenose 100","robots":{"index":"index","follow":"follow","max-snippet":"max-snippet:-1","max-image-preview":"max-image-preview:large","max-video-preview":"max-video-preview:-1"},"canonical":"https:\/\/bluenose100.ca\/fr\/about-us\/","og_locale":"fr_FR","og_type":"article","og_title":"\u00c0 propos de nous - Bluenose 100","og_description":"Bluenose\u00a0100 honore la go\u00e9lette la plus inoubliable du Canada, le Bluenose, et c\u00e9l\u00e8bre le 100e\u00a0anniversaire. Organis\u00e9 par le Bluenose\u00a0100 Committee de la Lunenburg Marine Museum Society, l\u2019\u00e9v\u00e9nement promeut et diffuse l\u2019histoire du Bluenose, son importance pour les Canadiens et son lien avec la Nouvelle-\u00c9cosse.","og_url":"https:\/\/bluenose100.ca\/fr\/about-us\/","og_site_name":"Bluenose 100","article_modified_time":"2021-02-24T15:40:21+00:00","og_image":[{"width":362,"height":17,"url":"https:\/\/bluenose100.ca\/wp-content\/uploads\/2021\/02\/flags@2x.png","type":"image\/png"}],"twitter_card":"summary_large_image","schema":{"@context":"https:\/\/schema.org","@graph":[{"@type":"WebPage","@id":"https:\/\/bluenose100.ca\/fr\/about-us\/","url":"https:\/\/bluenose100.ca\/fr\/about-us\/","name":"\u00c0 propos de nous - Bluenose 100","isPartOf":{"@id":"https:\/\/bluenose100.ca\/#website"},"primaryImageOfPage":{"@id":"https:\/\/bluenose100.ca\/fr\/about-us\/#primaryimage"},"image":{"@id":"https:\/\/bluenose100.ca\/fr\/about-us\/#primaryimage"},"thumbnailUrl":"https:\/\/bluenose100.ca\/wp-content\/uploads\/2021\/02\/flags@2x.png","datePublished":"2021-01-22T18:51:20+00:00","dateModified":"2021-02-24T15:40:21+00:00","breadcrumb":{"@id":"https:\/\/bluenose100.ca\/fr\/about-us\/#breadcrumb"},"inLanguage":"fr-FR","potentialAction":[{"@type":"ReadAction","target":["https:\/\/bluenose100.ca\/fr\/about-us\/"]}]},{"@type":"ImageObject","inLanguage":"fr-FR","@id":"https:\/\/bluenose100.ca\/fr\/about-us\/#primaryimage","url":"https:\/\/bluenose100.ca\/wp-content\/uploads\/2021\/02\/flags@2x.png","contentUrl":"https:\/\/bluenose100.ca\/wp-content\/uploads\/2021\/02\/flags@2x.png","width":362,"height":17},{"@type":"BreadcrumbList","@id":"https:\/\/bluenose100.ca\/fr\/about-us\/#breadcrumb","itemListElement":[{"@type":"ListItem","position":1,"name":"Home","item":"https:\/\/bluenose100.ca\/fr\/"},{"@type":"ListItem","position":2,"name":"\u00c0 propos de nous"}]},{"@type":"WebSite","@id":"https:\/\/bluenose100.ca\/#website","url":"https:\/\/bluenose100.ca\/","name":"Bluenose 100","description":"C\u00e9l\u00e9brons les 100\u00a0ans d\u2019une l\u00e9gende canadienne","publisher":{"@id":"https:\/\/bluenose100.ca\/#organization"},"potentialAction":[{"@type":"SearchAction","target":{"@type":"EntryPoint","urlTemplate":"https:\/\/bluenose100.ca\/?s={search_term_string}"},"query-input":{"@type":"PropertyValueSpecification","valueRequired":true,"valueName":"search_term_string"}}],"inLanguage":"fr-FR"},{"@type":"Organization","@id":"https:\/\/bluenose100.ca\/#organization","name":"Bluenose 100","url":"https:\/\/bluenose100.ca\/","logo":{"@type":"ImageObject","inLanguage":"fr-FR","@id":"https:\/\/bluenose100.ca\/#\/schema\/logo\/image\/","url":"https:\/\/bluenose100.ca\/wp-content\/uploads\/2021\/01\/bluenoselogo@2x.png","contentUrl":"https:\/\/bluenose100.ca\/wp-content\/uploads\/2021\/01\/bluenoselogo@2x.png","width":168,"height":130,"caption":"Bluenose 100"},"image":{"@id":"https:\/\/bluenose100.ca\/#\/schema\/logo\/image\/"}}]}},"_links":{"self":[{"href":"https:\/\/bluenose100.ca\/fr\/wp-json\/wp\/v2\/pages\/400","targetHints":{"allow":["GET"]}}],"collection":[{"href":"https:\/\/bluenose100.ca\/fr\/wp-json\/wp\/v2\/pages"}],"about":[{"href":"https:\/\/bluenose100.ca\/fr\/wp-json\/wp\/v2\/types\/page"}],"author":[{"embeddable":true,"href":"https:\/\/bluenose100.ca\/fr\/wp-json\/wp\/v2\/users\/1"}],"replies":[{"embeddable":true,"href":"https:\/\/bluenose100.ca\/fr\/wp-json\/wp\/v2\/comments?post=400"}],"version-history":[{"count":2,"href":"https:\/\/bluenose100.ca\/fr\/wp-json\/wp\/v2\/pages\/400\/revisions"}],"predecessor-version":[{"id":519,"href":"https:\/\/bluenose100.ca\/fr\/wp-json\/wp\/v2\/pages\/400\/revisions\/519"}],"wp:featuredmedia":[{"embeddable":true,"href":"https:\/\/bluenose100.ca\/fr\/wp-json\/wp\/v2\/media\/1022"}],"wp:attachment":[{"href":"https:\/\/bluenose100.ca\/fr\/wp-json\/wp\/v2\/media?parent=400"}],"curies":[{"name":"wp","href":"https:\/\/api.w.org\/{rel}","templated":true}]}}