{"id":1357,"date":"2021-05-06T10:26:06","date_gmt":"2021-05-06T14:26:06","guid":{"rendered":"https:\/\/bluenose100.ca\/privacy-policy\/"},"modified":"2021-05-11T13:49:59","modified_gmt":"2021-05-11T17:49:59","slug":"privacy-policy","status":"publish","type":"page","link":"https:\/\/bluenose100.ca\/fr\/privacy-policy\/","title":{"rendered":"Politique de confidentialit\u00e9"},"content":{"rendered":"<h2><b>\u00c0 propos de nous<\/b><\/h2>\n<p>Notre site Web se trouve \u00e0 l\u2019adresse http:\/\/bluenose100.ca\/fr\/.<\/p>\n<p>L\u2019acc\u00e8s au site Web de Bluenose\u00a0100 (terme qui englobe \u00ab\u00a0bluenose100\u00a0\u00bb et toutes les autres URL associ\u00e9es \u00e0 la marque Bluenose\u00a0100, et parfois appel\u00e9e \u00ab\u00a0ce site Web\u00a0\u00bb dans la pr\u00e9sente politique) est assujetti aux modalit\u00e9s l\u00e9gales expliqu\u00e9es dans la politique. La pr\u00e9sente politique de confidentialit\u00e9 constitue ces modalit\u00e9s l\u00e9gales et en est une partie int\u00e9grante.<\/p>\n<p>La Lunenburg Marine Museum Society (Bluenose\u00a0100 en est un sous-comit\u00e9) est une organisation \u00e0 but non lucratif enregistr\u00e9e au titre de la <i>Societies Act<\/i> de la Nouvelle-\u00c9cosse. Bluenose\u00a0100 a tout de m\u00eame \u00e9tabli la pr\u00e9sente politique de confidentialit\u00e9 en ligne afin de prot\u00e9ger les renseignements sur les visiteurs et les communications avec ces derniers contre tout acc\u00e8s non autoris\u00e9. \u00ab\u00a0Vous\u00a0\u00bb fait r\u00e9f\u00e9rence au lecteur, alors que \u00ab\u00a0nous\u00a0\u00bb fait r\u00e9f\u00e9rence au lecteur et \u00e0 Bluenose\u00a0100.<\/p>\n<h2><b>Collecte et utilisation<\/b><\/h2>\n<p>Bluenose\u00a0100 ne recueille pas, par l\u2019interm\u00e9diaire de son site Web, de renseignements identificatoires sur les visiteurs, \u00e0 moins que ces derniers en fournissent volontairement. Bluenose\u00a0100 pourrait recueillir, enregistrer, utiliser et divulguer des renseignements identificatoires (c\u2019est-\u00e0-dire des renseignements qui permettent d\u2019identifier une personne, comme le nom, l\u2019adresse, le num\u00e9ro de t\u00e9l\u00e9phone, l\u2019adresse \u00e9lectronique ou le num\u00e9ro de carte de cr\u00e9dit d\u2019un client) \u00e0 plusieurs fins et dans le cadre de divers services, notamment ce qui suit\u00a0:<\/p>\n<ul>\n<li aria-level=\"1\">Inscription \u00e0 des concours, des tirages et d\u2019autres promotions<\/li>\n<li aria-level=\"1\">D\u00e9termination de l\u2019admissibilit\u00e9 des visiteurs \u00e0 des offres sp\u00e9ciales ou des rabais<\/li>\n<li aria-level=\"1\">Abonnement au bulletin \u00e9lectronique<\/li>\n<li aria-level=\"1\">D\u00e9termination des pr\u00e9f\u00e9rences des visiteurs<\/li>\n<li aria-level=\"1\">R\u00e9ponse aux demandes d\u2019information<\/li>\n<li aria-level=\"1\">Commentaires et suggestions pr\u00e9sent\u00e9s par des visiteurs<\/li>\n<li aria-level=\"1\">Envoi de documents gratuits aux visiteurs (en format papier ou \u00e9lectronique), comme des guides, des planificateurs de r\u00e9unions et de l\u2019information sur les d\u00e9placements<\/li>\n<li aria-level=\"1\">Compilation des listes d\u2019envoi ou de sondage<\/li>\n<li aria-level=\"1\">D\u00e9termination des habitudes et des int\u00e9r\u00eats des utilisateurs afin d\u2019am\u00e9liorer le service<\/li>\n<li aria-level=\"1\">R\u00e9ponse aux demandes de propositions en ligne<\/li>\n<li aria-level=\"1\">Collecte et utilisation des t\u00e9moignages de clients<\/li>\n<\/ul>\n<h2><b>Transmission et divulgation de l\u2019information<\/b><\/h2>\n<p>Nous ne transmettrons pas vos renseignements identificatoires \u00e0 d\u2019autres entreprises ou personnes, sauf dans les cas suivants\u00a0:<\/p>\n<ul>\n<li aria-level=\"1\">Nous avons votre consentement pour le faire.<\/li>\n<li aria-level=\"1\">Nous devons transmettre vos renseignements identificatoires \u00e0 des personnes ou des entreprises qui travaillent avec Bluenose\u00a0100 ou en son nom afin de vous offrir des services.<\/li>\n<li aria-level=\"1\">Nous avons des motifs raisonnables de croire qu\u2019il est n\u00e9cessaire de transmettre vos renseignements identificatoires\u00a0:\n<ul>\n<li aria-level=\"2\">pour enqu\u00eater sur une activit\u00e9 potentiellement ill\u00e9gale ou une activit\u00e9 qui menace le r\u00e9seau ou qui enfreint les modalit\u00e9s du site Web de Bluenose\u00a0100, pour pr\u00e9venir une telle activit\u00e9 ou encore pour prendre des mesures \u00e0 l\u2019\u00e9gard d\u2019une telle activit\u00e9;<\/li>\n<li aria-level=\"2\">pour enqu\u00eater sur une situation qui implique des menaces potentielles pour la s\u00e9curit\u00e9 physique d\u2019une personne, pour pr\u00e9venir une telle activit\u00e9 ou pour prendre des mesures \u00e0 l\u2019\u00e9gard d\u2019une telle activit\u00e9, ou encore aux fins de gestion des risques.<\/li>\n<\/ul>\n<\/li>\n<li aria-level=\"1\">Nous devons divulguer vos renseignements identificatoires au titre d\u2019une ordonnance de tribunal, d\u2019une assignation \u00e0 t\u00e9moigner, d\u2019un mandat de recherche ou de tout autre processus juridique, ou encore dans le cas d\u2019un danger imminent pour le client ou toute autre personne.<\/li>\n<li aria-level=\"1\">Nous devons \u00e9tablir ou exercer nos droits l\u00e9gaux ou nous d\u00e9fendre dans le cas d\u2019une poursuite.<\/li>\n<\/ul>\n<p>Vous consentez, par les pr\u00e9sentes, \u00e0 la collecte, l\u2019enregistrement, l\u2019utilisation et la divulgation de vos renseignements identificatoires.<\/p>\n<p>Utilisation des donn\u00e9es, des t\u00e9moins et d\u2019autres outils\u00a0: Lorsque vous acc\u00e9dez \u00e0 Internet, les ordinateurs qui h\u00e9bergent les sites que vous visitez (\u00ab\u00a0serveurs Web\u00a0\u00bb) re\u00e7oivent automatiquement certaines donn\u00e9es anonymis\u00e9es. Ces \u00ab\u00a0donn\u00e9es sur l\u2019utilisation\u00a0\u00bb peuvent inclure un dossier des pages qu\u2019un navigateur Web a visit\u00e9. Les serveurs du site Web re\u00e7oivent les donn\u00e9es sur l\u2019utilisation lorsque les utilisateurs visitent le site et possiblement lorsque les utilisateurs visitent d\u2019autres sites \u00e9galement. Bluenose\u00a0100 et ses annonceurs pourraient utiliser divers logiciels pour recueillir de l\u2019information sur l\u2019utilisation d\u2019Internet.<\/p>\n<p>Nous pourrions utiliser des t\u00e9moins et des outils semblables pour personnaliser le contenu et les publicit\u00e9s que vous voyez en fonction des renseignements que vous aurez fournis \u00e0 Bluenose\u00a0100. Ce processus ne fournit pas vos renseignements identificatoires \u00e0 des tierces parties, mais comprend le traitement de certaines donn\u00e9es comme les adresses IP.<\/p>\n<p>De petits fichiers appel\u00e9s \u00ab\u00a0t\u00e9moins\u00a0\u00bb et d\u2019autres outils peuvent \u00eatre joints \u00e0 votre navigateur Web et votre ordinateur. Vous pouvez configurer votre navigateur pour accepter ou bloquer les t\u00e9moins et d\u2019autres outils (en totalit\u00e9 ou en partie), ou encore pour \u00eatre avis\u00e9 lorsqu\u2019un t\u00e9moin ou un autre outil est pr\u00e9sent. Chaque navigateur est diff\u00e9rent. Vous devez donc v\u00e9rifier le menu \u00ab\u00a0Aide\u00a0\u00bb de votre navigateur pour savoir comment changer vos pr\u00e9f\u00e9rences, notamment celles en mati\u00e8re de t\u00e9moins. Il faut cependant souligner que la d\u00e9sactivation des t\u00e9moins et des outils similaires pourrait faire en sorte que vous n\u2019aurez pas acc\u00e8s \u00e0 toutes les fonctions, toutes les pages ou tout le contenu du site, qui pourraient vous \u00eatre utiles.<\/p>\n<p>Nous pourrions aussi utiliser des \u00ab\u00a0pixels-espions\u00a0\u00bb pour acc\u00e9der aux t\u00e9moins qui se trouvent \u00e0 l\u2019int\u00e9rieur et l\u2019ext\u00e9rieur du site de Bluenose\u00a0100 ou int\u00e9grer de petits segments de code appel\u00e9s \u00ab\u00a0pixels invisibles\u00a0\u00bb dans certaines pages Web afin de rendre les t\u00e9moins plus efficaces.<\/p>\n<p>Publicit\u00e9s\u00a0: Les entreprises qui ont des publicit\u00e9s sur certaines des pages du site de Bluenose\u00a0100 pourraient recevoir des donn\u00e9es anonymis\u00e9es au sujet des vues par les visiteurs du site Web et d\u2019autres sites Internet. Ces donn\u00e9es pourraient \u00eatre associ\u00e9es au navigateur Web d\u2019un visiteur, mais ne seront jamais associ\u00e9es \u00e0 un nom ou une adresse \u00e9lectronique sans l\u2019autorisation du visiteur. Bluenose\u00a0100 ne fournit pas les renseignements personnels des visiteurs aux entreprises ou aux personnes qui affichent des publicit\u00e9s sur son site, ni \u00e0 des tierces parties sans le consentement explicite des visiteurs en question. Si vous allez sur un site Web, notamment celui d\u2019un annonceur, et qu\u2019on vous demande des renseignements ou de participer \u00e0 un concours, sachez que vous pourriez autoriser une autre entreprise (y compris l\u2019annonceur) \u00e0 utiliser les renseignements que vous fournissez puisque ces sites Web et ces tierces parties ne sont pas r\u00e9gis ou contr\u00f4l\u00e9s par Bluenose\u00a0100 ou nos politiques.<\/p>\n<p>S\u00e9curit\u00e9\u00a0: Bluenose\u00a0100 a mis en \u0153uvre des caract\u00e9ristiques technologiques et de s\u00e9curit\u00e9 ainsi que des lignes directrices rigoureuses en mati\u00e8re de protection de la vie priv\u00e9e pour \u00e9viter tout acc\u00e8s non autoris\u00e9 \u00e0 vos renseignements personnels ou toute utilisation abusive de ces derniers. Nous continuerons d\u2019am\u00e9liorer nos proc\u00e9dures de s\u00e9curit\u00e9 en fonctions des avancements technologiques. Par contre, vous \u00eates responsable de prot\u00e9ger vos mots de passe.<\/p>\n<h2><b>Contenu des courriels<\/b><\/h2>\n<p>Bluenose\u00a0100 ne lira pas ni ne divulguera \u00e0 des tierces parties les communications priv\u00e9es envoy\u00e9es par courriel aux services de Bluenose\u00a0100, \u00e0 moins qu\u2019il soit n\u00e9cessaire de le faire pour assurer le service ou que la loi ou l\u2019exp\u00e9diteur nous y autorise.<\/p>\n<p>Conservation et destruction\u00a0: Bluenose\u00a0100 d\u00e9truira, effacera ou anonymisera les renseignements qui ne sont plus n\u00e9cessaires pour les fins susmentionn\u00e9es ou les obligations pr\u00e9vues par la loi.<\/p>\n<h2><b>Mauvaise conduite<\/b><\/h2>\n<p>Bluenose\u00a0100 pourrait aussi utiliser les renseignements personnels des visiteurs pour mener une enqu\u00eate et pr\u00e9venir toute activit\u00e9 potentiellement ill\u00e9gale ou toute activit\u00e9 qui menace le r\u00e9seau ou qui enfreint l\u2019entente conclue avec le client pour le service vis\u00e9.<\/p>\n<h2><b>Exactitude<\/b><\/h2>\n<p>Vous pouvez acc\u00e9der \u00e0 vos renseignements personnels d\u00e9tenus par Bluenose\u00a0100 ainsi que les corriger ou les supprimer en communiquant avec nous \u00e0 l\u2019adresse <a href=\"mailto:info@bluenose100.ca\">info@bluenose100.ca<\/a>.<\/p>\n<h2><b>Pr\u00e9occupations des visiteurs<\/b><\/h2>\n<p>Si, en tant que visiteur, vous avez des pr\u00e9occupations au sujet de la politique de confidentialit\u00e9 en ligne de Bluenose\u00a0100 (notamment sa mise en \u0153uvre), vous pouvez communiquer avec nous \u00e0 l\u2019adresse <a href=\"mailto:info@bluenose100.ca\">info@bluenose100.ca<\/a>.<\/p>\n<h2><b>Modification de la politique<\/b><\/h2>\n<p>Nous nous r\u00e9servons le droit de changer ou d\u2019annuler la pr\u00e9sente politique en tout temps, sans pr\u00e9avis ni recours.<\/p>\n","protected":false},"excerpt":{"rendered":"<p>\u00c0 propos de nous Notre site Web se trouve \u00e0 l\u2019adresse http:\/\/bluenose100.ca\/fr\/. L\u2019acc\u00e8s au site Web de Bluenose\u00a0100 (terme qui englobe \u00ab\u00a0bluenose100\u00a0\u00bb et toutes les autres URL associ\u00e9es \u00e0 la marque Bluenose\u00a0100, et parfois appel\u00e9e \u00ab\u00a0ce site Web\u00a0\u00bb dans la pr\u00e9sente politique) est assujetti aux modalit\u00e9s l\u00e9gales expliqu\u00e9es dans la politique. La pr\u00e9sente politique de<\/p>\n<a href=\"https:\/\/bluenose100.ca\/fr\/privacy-policy\/\" class=\"readmorelink\"><span class=\"english\">Read More<\/span><span class=\"french\">Lire la suite<\/span> >><\/a>","protected":false},"author":1,"featured_media":0,"parent":0,"menu_order":0,"comment_status":"closed","ping_status":"closed","template":"","meta":{"_acf_changed":false,"_monsterinsights_skip_tracking":false,"_monsterinsights_sitenote_active":false,"_monsterinsights_sitenote_note":"","_monsterinsights_sitenote_category":0,"footnotes":""},"class_list":["post-1357","page","type-page","status-publish","hentry"],"acf":[],"yoast_head":"<!-- This site is optimized with the Yoast SEO plugin v27.5 - https:\/\/yoast.com\/product\/yoast-seo-wordpress\/ -->\n<title>Politique de confidentialit\u00e9 - Bluenose 100<\/title>\n<meta name=\"robots\" content=\"index, follow, max-snippet:-1, max-image-preview:large, max-video-preview:-1\" \/>\n<link rel=\"canonical\" href=\"https:\/\/bluenose100.ca\/fr\/privacy-policy\/\" \/>\n<meta property=\"og:locale\" content=\"fr_FR\" \/>\n<meta property=\"og:type\" content=\"article\" \/>\n<meta property=\"og:title\" content=\"Politique de confidentialit\u00e9 - Bluenose 100\" \/>\n<meta property=\"og:description\" content=\"\u00c0 propos de nous Notre site Web se trouve \u00e0 l\u2019adresse http:\/\/bluenose100.ca\/fr\/. L\u2019acc\u00e8s au site Web de Bluenose\u00a0100 (terme qui englobe \u00ab\u00a0bluenose100\u00a0\u00bb et toutes les autres URL associ\u00e9es \u00e0 la marque Bluenose\u00a0100, et parfois appel\u00e9e \u00ab\u00a0ce site Web\u00a0\u00bb dans la pr\u00e9sente politique) est assujetti aux modalit\u00e9s l\u00e9gales expliqu\u00e9es dans la politique. La pr\u00e9sente politique de\" \/>\n<meta property=\"og:url\" content=\"https:\/\/bluenose100.ca\/fr\/privacy-policy\/\" \/>\n<meta property=\"og:site_name\" content=\"Bluenose 100\" \/>\n<meta property=\"article:modified_time\" content=\"2021-05-11T17:49:59+00:00\" \/>\n<meta name=\"twitter:card\" content=\"summary_large_image\" \/>\n<meta name=\"twitter:label1\" content=\"Dur\u00e9e de lecture estim\u00e9e\" \/>\n\t<meta name=\"twitter:data1\" content=\"6 minutes\" \/>\n<script type=\"application\/ld+json\" class=\"yoast-schema-graph\">{\"@context\":\"https:\\\/\\\/schema.org\",\"@graph\":[{\"@type\":\"WebPage\",\"@id\":\"https:\\\/\\\/bluenose100.ca\\\/fr\\\/privacy-policy\\\/\",\"url\":\"https:\\\/\\\/bluenose100.ca\\\/fr\\\/privacy-policy\\\/\",\"name\":\"Politique de confidentialit\u00e9 - Bluenose 100\",\"isPartOf\":{\"@id\":\"https:\\\/\\\/bluenose100.ca\\\/#website\"},\"datePublished\":\"2021-05-06T14:26:06+00:00\",\"dateModified\":\"2021-05-11T17:49:59+00:00\",\"breadcrumb\":{\"@id\":\"https:\\\/\\\/bluenose100.ca\\\/fr\\\/privacy-policy\\\/#breadcrumb\"},\"inLanguage\":\"fr-FR\",\"potentialAction\":[{\"@type\":\"ReadAction\",\"target\":[\"https:\\\/\\\/bluenose100.ca\\\/fr\\\/privacy-policy\\\/\"]}]},{\"@type\":\"BreadcrumbList\",\"@id\":\"https:\\\/\\\/bluenose100.ca\\\/fr\\\/privacy-policy\\\/#breadcrumb\",\"itemListElement\":[{\"@type\":\"ListItem\",\"position\":1,\"name\":\"Home\",\"item\":\"https:\\\/\\\/bluenose100.ca\\\/fr\\\/\"},{\"@type\":\"ListItem\",\"position\":2,\"name\":\"Politique de confidentialit\u00e9\"}]},{\"@type\":\"WebSite\",\"@id\":\"https:\\\/\\\/bluenose100.ca\\\/#website\",\"url\":\"https:\\\/\\\/bluenose100.ca\\\/\",\"name\":\"Bluenose 100\",\"description\":\"C\u00e9l\u00e9brons les 100\u00a0ans d\u2019une l\u00e9gende canadienne\",\"publisher\":{\"@id\":\"https:\\\/\\\/bluenose100.ca\\\/#organization\"},\"potentialAction\":[{\"@type\":\"SearchAction\",\"target\":{\"@type\":\"EntryPoint\",\"urlTemplate\":\"https:\\\/\\\/bluenose100.ca\\\/?s={search_term_string}\"},\"query-input\":{\"@type\":\"PropertyValueSpecification\",\"valueRequired\":true,\"valueName\":\"search_term_string\"}}],\"inLanguage\":\"fr-FR\"},{\"@type\":\"Organization\",\"@id\":\"https:\\\/\\\/bluenose100.ca\\\/#organization\",\"name\":\"Bluenose 100\",\"url\":\"https:\\\/\\\/bluenose100.ca\\\/\",\"logo\":{\"@type\":\"ImageObject\",\"inLanguage\":\"fr-FR\",\"@id\":\"https:\\\/\\\/bluenose100.ca\\\/#\\\/schema\\\/logo\\\/image\\\/\",\"url\":\"https:\\\/\\\/bluenose100.ca\\\/wp-content\\\/uploads\\\/2021\\\/01\\\/bluenoselogo@2x.png\",\"contentUrl\":\"https:\\\/\\\/bluenose100.ca\\\/wp-content\\\/uploads\\\/2021\\\/01\\\/bluenoselogo@2x.png\",\"width\":168,\"height\":130,\"caption\":\"Bluenose 100\"},\"image\":{\"@id\":\"https:\\\/\\\/bluenose100.ca\\\/#\\\/schema\\\/logo\\\/image\\\/\"}}]}<\/script>\n<!-- \/ Yoast SEO plugin. -->","yoast_head_json":{"title":"Politique de confidentialit\u00e9 - Bluenose 100","robots":{"index":"index","follow":"follow","max-snippet":"max-snippet:-1","max-image-preview":"max-image-preview:large","max-video-preview":"max-video-preview:-1"},"canonical":"https:\/\/bluenose100.ca\/fr\/privacy-policy\/","og_locale":"fr_FR","og_type":"article","og_title":"Politique de confidentialit\u00e9 - Bluenose 100","og_description":"\u00c0 propos de nous Notre site Web se trouve \u00e0 l\u2019adresse http:\/\/bluenose100.ca\/fr\/. L\u2019acc\u00e8s au site Web de Bluenose\u00a0100 (terme qui englobe \u00ab\u00a0bluenose100\u00a0\u00bb et toutes les autres URL associ\u00e9es \u00e0 la marque Bluenose\u00a0100, et parfois appel\u00e9e \u00ab\u00a0ce site Web\u00a0\u00bb dans la pr\u00e9sente politique) est assujetti aux modalit\u00e9s l\u00e9gales expliqu\u00e9es dans la politique. La pr\u00e9sente politique de","og_url":"https:\/\/bluenose100.ca\/fr\/privacy-policy\/","og_site_name":"Bluenose 100","article_modified_time":"2021-05-11T17:49:59+00:00","twitter_card":"summary_large_image","twitter_misc":{"Dur\u00e9e de lecture estim\u00e9e":"6 minutes"},"schema":{"@context":"https:\/\/schema.org","@graph":[{"@type":"WebPage","@id":"https:\/\/bluenose100.ca\/fr\/privacy-policy\/","url":"https:\/\/bluenose100.ca\/fr\/privacy-policy\/","name":"Politique de confidentialit\u00e9 - Bluenose 100","isPartOf":{"@id":"https:\/\/bluenose100.ca\/#website"},"datePublished":"2021-05-06T14:26:06+00:00","dateModified":"2021-05-11T17:49:59+00:00","breadcrumb":{"@id":"https:\/\/bluenose100.ca\/fr\/privacy-policy\/#breadcrumb"},"inLanguage":"fr-FR","potentialAction":[{"@type":"ReadAction","target":["https:\/\/bluenose100.ca\/fr\/privacy-policy\/"]}]},{"@type":"BreadcrumbList","@id":"https:\/\/bluenose100.ca\/fr\/privacy-policy\/#breadcrumb","itemListElement":[{"@type":"ListItem","position":1,"name":"Home","item":"https:\/\/bluenose100.ca\/fr\/"},{"@type":"ListItem","position":2,"name":"Politique de confidentialit\u00e9"}]},{"@type":"WebSite","@id":"https:\/\/bluenose100.ca\/#website","url":"https:\/\/bluenose100.ca\/","name":"Bluenose 100","description":"C\u00e9l\u00e9brons les 100\u00a0ans d\u2019une l\u00e9gende canadienne","publisher":{"@id":"https:\/\/bluenose100.ca\/#organization"},"potentialAction":[{"@type":"SearchAction","target":{"@type":"EntryPoint","urlTemplate":"https:\/\/bluenose100.ca\/?s={search_term_string}"},"query-input":{"@type":"PropertyValueSpecification","valueRequired":true,"valueName":"search_term_string"}}],"inLanguage":"fr-FR"},{"@type":"Organization","@id":"https:\/\/bluenose100.ca\/#organization","name":"Bluenose 100","url":"https:\/\/bluenose100.ca\/","logo":{"@type":"ImageObject","inLanguage":"fr-FR","@id":"https:\/\/bluenose100.ca\/#\/schema\/logo\/image\/","url":"https:\/\/bluenose100.ca\/wp-content\/uploads\/2021\/01\/bluenoselogo@2x.png","contentUrl":"https:\/\/bluenose100.ca\/wp-content\/uploads\/2021\/01\/bluenoselogo@2x.png","width":168,"height":130,"caption":"Bluenose 100"},"image":{"@id":"https:\/\/bluenose100.ca\/#\/schema\/logo\/image\/"}}]}},"_links":{"self":[{"href":"https:\/\/bluenose100.ca\/fr\/wp-json\/wp\/v2\/pages\/1357","targetHints":{"allow":["GET"]}}],"collection":[{"href":"https:\/\/bluenose100.ca\/fr\/wp-json\/wp\/v2\/pages"}],"about":[{"href":"https:\/\/bluenose100.ca\/fr\/wp-json\/wp\/v2\/types\/page"}],"author":[{"embeddable":true,"href":"https:\/\/bluenose100.ca\/fr\/wp-json\/wp\/v2\/users\/1"}],"replies":[{"embeddable":true,"href":"https:\/\/bluenose100.ca\/fr\/wp-json\/wp\/v2\/comments?post=1357"}],"version-history":[{"count":1,"href":"https:\/\/bluenose100.ca\/fr\/wp-json\/wp\/v2\/pages\/1357\/revisions"}],"predecessor-version":[{"id":1369,"href":"https:\/\/bluenose100.ca\/fr\/wp-json\/wp\/v2\/pages\/1357\/revisions\/1369"}],"wp:attachment":[{"href":"https:\/\/bluenose100.ca\/fr\/wp-json\/wp\/v2\/media?parent=1357"}],"curies":[{"name":"wp","href":"https:\/\/api.w.org\/{rel}","templated":true}]}}